{"id":339,"date":"2024-11-27T09:35:53","date_gmt":"2024-11-27T09:35:53","guid":{"rendered":"https:\/\/10years.budapestritmo.hu\/?page_id=339"},"modified":"2024-11-27T09:37:38","modified_gmt":"2024-11-27T09:37:38","slug":"koszonjuk","status":"publish","type":"page","link":"https:\/\/10years.budapestritmo.hu\/hu\/koszonjuk\/","title":{"rendered":"K\u00f6sz\u00f6nj\u00fck!"},"content":{"rendered":"<div data-elementor-type=\"wp-page\" data-elementor-id=\"339\" class=\"elementor elementor-339\" data-elementor-post-type=\"page\">\n\t\t\t\t<div class=\"elementor-element elementor-element-eb60a4e e-flex e-con-boxed e-con e-parent\" data-id=\"eb60a4e\" data-element_type=\"container\" data-settings=\"{&quot;background_background&quot;:&quot;classic&quot;}\">\n\t\t\t\t\t<div class=\"e-con-inner\">\n\t\t<div class=\"elementor-element elementor-element-54f8872 e-con-full e-flex e-con e-child\" data-id=\"54f8872\" data-element_type=\"container\">\n\t\t\t\t<div class=\"elementor-element elementor-element-2244c13 elementor-widget elementor-widget-image\" data-id=\"2244c13\" data-element_type=\"widget\" data-widget_type=\"image.default\">\n\t\t\t\t<div class=\"elementor-widget-container\">\n\t\t\t\t\t\t\t\t\t\t\t\t\t<img fetchpriority=\"high\" decoding=\"async\" width=\"800\" height=\"455\" src=\"https:\/\/10years.budapestritmo.hu\/wp-content\/uploads\/2024\/11\/ritmo10-hun-1024x583.png\" class=\"attachment-large size-large wp-image-323\" alt=\"\" srcset=\"https:\/\/10years.budapestritmo.hu\/wp-content\/uploads\/2024\/11\/ritmo10-hun-1024x583.png 1024w, https:\/\/10years.budapestritmo.hu\/wp-content\/uploads\/2024\/11\/ritmo10-hun-300x171.png 300w, https:\/\/10years.budapestritmo.hu\/wp-content\/uploads\/2024\/11\/ritmo10-hun-768x437.png 768w, https:\/\/10years.budapestritmo.hu\/wp-content\/uploads\/2024\/11\/ritmo10-hun-1536x874.png 1536w, https:\/\/10years.budapestritmo.hu\/wp-content\/uploads\/2024\/11\/ritmo10-hun-2048x1165.png 2048w, https:\/\/10years.budapestritmo.hu\/wp-content\/uploads\/2024\/11\/ritmo10-hun-18x10.png 18w\" sizes=\"(max-width: 800px) 100vw, 800px\" \/>\t\t\t\t\t\t\t\t\t\t\t\t\t<\/div>\n\t\t\t\t<\/div>\n\t\t\t\t<div class=\"elementor-element elementor-element-fce9071 elementor-widget__width-inherit elementor-invisible elementor-widget elementor-widget-heading\" data-id=\"fce9071\" data-element_type=\"widget\" data-settings=\"{&quot;_animation&quot;:&quot;fadeInUp&quot;}\" data-widget_type=\"heading.default\">\n\t\t\t\t<div class=\"elementor-widget-container\">\n\t\t\t<h1 class=\"elementor-heading-title elementor-size-default\">KV\u00cdZ<\/h1>\t\t<\/div>\n\t\t\t\t<\/div>\n\t\t\t\t<\/div>\n\t\t<div class=\"elementor-element elementor-element-4ead3b6 e-con-full e-flex e-con e-child\" data-id=\"4ead3b6\" data-element_type=\"container\" data-settings=\"{&quot;background_background&quot;:&quot;classic&quot;}\">\n\t\t\t\t<div class=\"elementor-element elementor-element-dd2cbb7 elementor-widget__width-inherit elementor-invisible elementor-widget elementor-widget-heading\" data-id=\"dd2cbb7\" data-element_type=\"widget\" data-settings=\"{&quot;_animation&quot;:&quot;fadeInUp&quot;}\" data-widget_type=\"heading.default\">\n\t\t\t\t<div class=\"elementor-widget-container\">\n\t\t\t<h3 class=\"elementor-heading-title elementor-size-default\">K\u00f6sz\u00f6nj\u00fck, hogy<br>\nvel\u00fcnk j\u00e1tszott\u00e1l!\n\n<\/h3>\t\t<\/div>\n\t\t\t\t<\/div>\n\t\t\t\t<div class=\"elementor-element elementor-element-926cec0 elementor-widget__width-inherit elementor-widget-mobile__width-inherit elementor-widget-tablet__width-initial elementor-widget elementor-widget-text-editor\" data-id=\"926cec0\" data-element_type=\"widget\" data-widget_type=\"text-editor.default\">\n\t\t\t\t<div class=\"elementor-widget-container\">\n\t\t\t\t\t\t\t<p><strong>Sorsol\u00e1s: december 16.\u00a0<br \/><\/strong><span style=\"font-weight: 400;\">A nyerteseket e-mailben \u00e9rtes\u00edtj\u00fck ki.<\/span><\/p>\t\t\t\t\t\t<\/div>\n\t\t\t\t<\/div>\n\t\t\t\t<div class=\"elementor-element elementor-element-d90cd97 elementor-widget__width-inherit elementor-invisible elementor-widget elementor-widget-heading\" data-id=\"d90cd97\" data-element_type=\"widget\" data-settings=\"{&quot;_animation&quot;:&quot;fadeInUp&quot;}\" data-widget_type=\"heading.default\">\n\t\t\t\t<div class=\"elementor-widget-container\">\n\t\t\t<h4 class=\"elementor-heading-title elementor-size-default\">N\u00e9zd meg a fesztiv\u00e1l programj\u00e1t!<\/h4>\t\t<\/div>\n\t\t\t\t<\/div>\n\t\t\t\t<div class=\"elementor-element elementor-element-32aad18 elementor-mobile-align-center elementor-widget elementor-widget-button\" data-id=\"32aad18\" data-element_type=\"widget\" data-widget_type=\"button.default\">\n\t\t\t\t<div class=\"elementor-widget-container\">\n\t\t\t\t\t\t\t\t<a class=\"elementor-button elementor-button-link elementor-size-sm\" href=\"https:\/\/budapestritmo.hu\/\">\n\t\t\t\t\t\t<span class=\"elementor-button-content-wrapper\">\n\t\t\t\t\t\t\t\t\t<span class=\"elementor-button-text\">MEGN\u00c9ZEM<\/span>\n\t\t\t\t\t<\/span>\n\t\t\t\t\t<\/a>\n\t\t\t\t\t\t<\/div>\n\t\t\t\t<\/div>\n\t\t\t\t<\/div>\n\t\t\t\t\t<\/div>\n\t\t\t\t<\/div>\n\t\t\t\t<\/div>","protected":false},"excerpt":{"rendered":"<p>KV\u00cdZ K\u00f6sz\u00f6nj\u00fck, hogy vel\u00fcnk j\u00e1tszott\u00e1l! Sorsol\u00e1s: december 16.\u00a0A nyerteseket e-mailben \u00e9rtes\u00edtj\u00fck ki. N\u00e9zd meg a fesztiv\u00e1l programj\u00e1t! MEGN\u00c9ZEM<\/p>","protected":false},"author":1,"featured_media":0,"parent":0,"menu_order":0,"comment_status":"closed","ping_status":"closed","template":"elementor_canvas","meta":{"footnotes":""},"class_list":["post-339","page","type-page","status-publish","hentry"],"_links":{"self":[{"href":"https:\/\/10years.budapestritmo.hu\/hu\/wp-json\/wp\/v2\/pages\/339","targetHints":{"allow":["GET"]}}],"collection":[{"href":"https:\/\/10years.budapestritmo.hu\/hu\/wp-json\/wp\/v2\/pages"}],"about":[{"href":"https:\/\/10years.budapestritmo.hu\/hu\/wp-json\/wp\/v2\/types\/page"}],"author":[{"embeddable":true,"href":"https:\/\/10years.budapestritmo.hu\/hu\/wp-json\/wp\/v2\/users\/1"}],"replies":[{"embeddable":true,"href":"https:\/\/10years.budapestritmo.hu\/hu\/wp-json\/wp\/v2\/comments?post=339"}],"version-history":[{"count":4,"href":"https:\/\/10years.budapestritmo.hu\/hu\/wp-json\/wp\/v2\/pages\/339\/revisions"}],"predecessor-version":[{"id":343,"href":"https:\/\/10years.budapestritmo.hu\/hu\/wp-json\/wp\/v2\/pages\/339\/revisions\/343"}],"wp:attachment":[{"href":"https:\/\/10years.budapestritmo.hu\/hu\/wp-json\/wp\/v2\/media?parent=339"}],"curies":[{"name":"wp","href":"https:\/\/api.w.org\/{rel}","templated":true}]}}