{"id":303,"date":"2024-11-26T12:00:19","date_gmt":"2024-11-26T12:00:19","guid":{"rendered":"https:\/\/10years.budapestritmo.hu\/?page_id=303"},"modified":"2024-11-28T08:24:34","modified_gmt":"2024-11-28T08:24:34","slug":"kviz","status":"publish","type":"page","link":"https:\/\/10years.budapestritmo.hu\/hu\/kviz\/","title":{"rendered":"Kv\u00edz"},"content":{"rendered":"<div data-elementor-type=\"wp-page\" data-elementor-id=\"303\" class=\"elementor elementor-303\" data-elementor-post-type=\"page\">\n\t\t\t\t<div class=\"elementor-element elementor-element-d836c3b e-flex e-con-boxed e-con e-parent\" data-id=\"d836c3b\" data-element_type=\"container\" data-settings=\"{&quot;background_background&quot;:&quot;classic&quot;}\">\n\t\t\t\t\t<div class=\"e-con-inner\">\n\t\t<div class=\"elementor-element elementor-element-af7dfdf e-con-full e-flex e-con e-child\" data-id=\"af7dfdf\" data-element_type=\"container\">\n\t\t\t\t<div class=\"elementor-element elementor-element-3501acc elementor-widget elementor-widget-image\" data-id=\"3501acc\" data-element_type=\"widget\" data-widget_type=\"image.default\">\n\t\t\t\t<div class=\"elementor-widget-container\">\n\t\t\t\t\t\t\t\t\t\t\t\t\t<img fetchpriority=\"high\" decoding=\"async\" width=\"800\" height=\"455\" src=\"https:\/\/10years.budapestritmo.hu\/wp-content\/uploads\/2024\/11\/ritmo10-hun-1024x583.png\" class=\"attachment-large size-large wp-image-323\" alt=\"\" srcset=\"https:\/\/10years.budapestritmo.hu\/wp-content\/uploads\/2024\/11\/ritmo10-hun-1024x583.png 1024w, https:\/\/10years.budapestritmo.hu\/wp-content\/uploads\/2024\/11\/ritmo10-hun-300x171.png 300w, https:\/\/10years.budapestritmo.hu\/wp-content\/uploads\/2024\/11\/ritmo10-hun-768x437.png 768w, https:\/\/10years.budapestritmo.hu\/wp-content\/uploads\/2024\/11\/ritmo10-hun-1536x874.png 1536w, https:\/\/10years.budapestritmo.hu\/wp-content\/uploads\/2024\/11\/ritmo10-hun-2048x1165.png 2048w, https:\/\/10years.budapestritmo.hu\/wp-content\/uploads\/2024\/11\/ritmo10-hun-18x10.png 18w\" sizes=\"(max-width: 800px) 100vw, 800px\" \/>\t\t\t\t\t\t\t\t\t\t\t\t\t<\/div>\n\t\t\t\t<\/div>\n\t\t\t\t<div class=\"elementor-element elementor-element-f028644 elementor-widget__width-inherit elementor-invisible elementor-widget elementor-widget-heading\" data-id=\"f028644\" data-element_type=\"widget\" data-settings=\"{&quot;_animation&quot;:&quot;fadeInUp&quot;}\" data-widget_type=\"heading.default\">\n\t\t\t\t<div class=\"elementor-widget-container\">\n\t\t\t<h1 class=\"elementor-heading-title elementor-size-default\">KV\u00cdZ<\/h1>\t\t<\/div>\n\t\t\t\t<\/div>\n\t\t\t\t<div class=\"elementor-element elementor-element-91ad1f3 elementor-widget__width-inherit elementor-invisible elementor-widget elementor-widget-heading\" data-id=\"91ad1f3\" data-element_type=\"widget\" data-settings=\"{&quot;_animation&quot;:&quot;fadeInUp&quot;}\" data-widget_type=\"heading.default\">\n\t\t\t\t<div class=\"elementor-widget-container\">\n\t\t\t<h3 class=\"elementor-heading-title elementor-size-default\">J\u00e1tssz \u00e9s nyerj p\u00e1ros napijegyeket a 10. Budapest Ritm\u00f3ra!<\/h3>\t\t<\/div>\n\t\t\t\t<\/div>\n\t\t\t\t<div class=\"elementor-element elementor-element-fbbf47a elementor-widget__width-inherit elementor-widget-mobile__width-inherit elementor-widget-tablet__width-initial elementor-widget elementor-widget-text-editor\" data-id=\"fbbf47a\" data-element_type=\"widget\" data-widget_type=\"text-editor.default\">\n\t\t\t\t<div class=\"elementor-widget-container\">\n\t\t\t\t\t\t\t<p><strong>Sorsol\u00e1s: december 16.\u00a0<br \/><\/strong><span style=\"font-weight: 400;\">A nyerteseket e-mailben \u00e9rtes\u00edtj\u00fck ki.<\/span><\/p>\t\t\t\t\t\t<\/div>\n\t\t\t\t<\/div>\n\t\t\t\t<\/div>\n\t\t<div class=\"elementor-element elementor-element-e9e3ea9 e-con-full e-flex e-con e-child\" data-id=\"e9e3ea9\" data-element_type=\"container\" data-settings=\"{&quot;background_background&quot;:&quot;classic&quot;}\">\n\t\t\t\t<div class=\"elementor-element elementor-element-f86161e elementor-widget__width-inherit elementor-button-align-stretch elementor-widget elementor-widget-form\" data-id=\"f86161e\" data-element_type=\"widget\" data-settings=\"{&quot;step_next_label&quot;:&quot;Next&quot;,&quot;step_previous_label&quot;:&quot;Previous&quot;,&quot;button_width&quot;:&quot;100&quot;,&quot;step_type&quot;:&quot;number_text&quot;,&quot;step_icon_shape&quot;:&quot;circle&quot;}\" data-widget_type=\"form.default\">\n\t\t\t\t<div class=\"elementor-widget-container\">\n\t\t\t\t\t<form class=\"elementor-form\" method=\"post\" name=\"New Form\">\n\t\t\t<input type=\"hidden\" name=\"post_id\" value=\"303\"\/>\n\t\t\t<input type=\"hidden\" name=\"form_id\" value=\"f86161e\"\/>\n\t\t\t<input type=\"hidden\" name=\"referer_title\" value=\"Kv\u00edz\" \/>\n\n\t\t\t\t\t\t\t<input type=\"hidden\" name=\"queried_id\" value=\"303\"\/>\n\t\t\t\n\t\t\t<div class=\"elementor-form-fields-wrapper elementor-labels-above\">\n\t\t\t\t\t\t\t\t<div class=\"elementor-field-type-radio elementor-field-group elementor-column elementor-field-group-name elementor-col-100\">\n\t\t\t\t\t\t\t\t\t\t\t\t<label for=\"form-field-name\" class=\"elementor-field-label\">\n\t\t\t\t\t\t\t\tCsal\u00e1dj\u00e1nak h\u00e1nyadik gener\u00e1ci\u00f3s kora m\u0171v\u00e9sze Lamine Siskora? \t\t\t\t\t\t\t<\/label>\n\t\t\t\t\t\t<div class=\"elementor-field-subgroup\"><span class=\"elementor-field-option\"><input type=\"radio\" value=\"5\" id=\"form-field-name-0\" name=\"form_fields[name]\"> <label for=\"form-field-name-0\">5<\/label><\/span><span class=\"elementor-field-option\"><input type=\"radio\" value=\"14\" id=\"form-field-name-1\" name=\"form_fields[name]\"> <label for=\"form-field-name-1\">14<\/label><\/span><span class=\"elementor-field-option\"><input type=\"radio\" value=\"42\" id=\"form-field-name-2\" name=\"form_fields[name]\"> <label for=\"form-field-name-2\">42<\/label><\/span><\/div>\t\t\t\t<\/div>\n\t\t\t\t\t\t\t\t<div class=\"elementor-field-type-radio elementor-field-group elementor-column elementor-field-group-field_b7ca031 elementor-col-100\">\n\t\t\t\t\t\t\t\t\t\t\t\t<label for=\"form-field-field_b7ca031\" class=\"elementor-field-label\">\n\t\t\t\t\t\t\t\tH\u00e1ny h\u00faros a kora?\t\t\t\t\t\t\t<\/label>\n\t\t\t\t\t\t<div class=\"elementor-field-subgroup\"><span class=\"elementor-field-option\"><input type=\"radio\" value=\"12\" id=\"form-field-field_b7ca031-0\" name=\"form_fields[field_b7ca031]\"> <label for=\"form-field-field_b7ca031-0\">12<\/label><\/span><span class=\"elementor-field-option\"><input type=\"radio\" value=\"21\" id=\"form-field-field_b7ca031-1\" name=\"form_fields[field_b7ca031]\"> <label for=\"form-field-field_b7ca031-1\">21<\/label><\/span><span class=\"elementor-field-option\"><input type=\"radio\" value=\"25\" id=\"form-field-field_b7ca031-2\" name=\"form_fields[field_b7ca031]\"> <label for=\"form-field-field_b7ca031-2\">25<\/label><\/span><\/div>\t\t\t\t<\/div>\n\t\t\t\t\t\t\t\t<div class=\"elementor-field-type-radio elementor-field-group elementor-column elementor-field-group-field_4962e8e elementor-col-100\">\n\t\t\t\t\t\t\t\t\t\t\t\t<label for=\"form-field-field_4962e8e\" class=\"elementor-field-label\">\n\t\t\t\t\t\t\t\t\u00d6sszesen h\u00e1ny zenekar l\u00e9pett fel az eddigi 9 Budapest Ritm\u00f3n?\t\t\t\t\t\t\t<\/label>\n\t\t\t\t\t\t<div class=\"elementor-field-subgroup\"><span class=\"elementor-field-option\"><input type=\"radio\" value=\"97\" id=\"form-field-field_4962e8e-0\" name=\"form_fields[field_4962e8e]\"> <label for=\"form-field-field_4962e8e-0\">97<\/label><\/span><span class=\"elementor-field-option\"><input type=\"radio\" value=\"143\" id=\"form-field-field_4962e8e-1\" name=\"form_fields[field_4962e8e]\"> <label for=\"form-field-field_4962e8e-1\">143<\/label><\/span><span class=\"elementor-field-option\"><input type=\"radio\" value=\"168\" id=\"form-field-field_4962e8e-2\" name=\"form_fields[field_4962e8e]\"> <label for=\"form-field-field_4962e8e-2\">168<\/label><\/span><\/div>\t\t\t\t<\/div>\n\t\t\t\t\t\t\t\t<div class=\"elementor-field-type-radio elementor-field-group elementor-column elementor-field-group-field_6db6d52 elementor-col-100\">\n\t\t\t\t\t\t\t\t\t\t\t\t<label for=\"form-field-field_6db6d52\" class=\"elementor-field-label\">\n\t\t\t\t\t\t\t\tMelyik a legkisebb sziget, amelynek t\u00f6rt\u00e9net\u00e9t dalokban tolm\u00e1csolta a Ritmo egyik el\u0151ad\u00f3ja?\t\t\t\t\t\t\t<\/label>\n\t\t\t\t\t\t<div class=\"elementor-field-subgroup\"><span class=\"elementor-field-option\"><input type=\"radio\" value=\"Ruhnu-sziget\" id=\"form-field-field_6db6d52-0\" name=\"form_fields[field_6db6d52]\"> <label for=\"form-field-field_6db6d52-0\">Ruhnu-sziget<\/label><\/span><span class=\"elementor-field-option\"><input type=\"radio\" value=\"Sz\u00e9lcsendes-szigetek\" id=\"form-field-field_6db6d52-1\" name=\"form_fields[field_6db6d52]\"> <label for=\"form-field-field_6db6d52-1\">Sz\u00e9lcsendes-szigetek<\/label><\/span><span class=\"elementor-field-option\"><input type=\"radio\" value=\"Zanzib\u00e1r\" id=\"form-field-field_6db6d52-2\" name=\"form_fields[field_6db6d52]\"> <label for=\"form-field-field_6db6d52-2\">Zanzib\u00e1r<\/label><\/span><\/div>\t\t\t\t<\/div>\n\t\t\t\t\t\t\t\t<div class=\"elementor-field-type-radio elementor-field-group elementor-column elementor-field-group-field_f14bf3a elementor-col-100\">\n\t\t\t\t\t\t\t\t\t\t\t\t<label for=\"form-field-field_f14bf3a\" class=\"elementor-field-label\">\n\t\t\t\t\t\t\t\tA 10. Ritm\u00f3n fell\u00e9p\u0151 Alt\u0131n G\u00fcn melyik album\u00e1t jel\u00f6lt\u00e9k Grammy-d\u00edjra?\t\t\t\t\t\t\t<\/label>\n\t\t\t\t\t\t<div class=\"elementor-field-subgroup\"><span class=\"elementor-field-option\"><input type=\"radio\" value=\"Yol\" id=\"form-field-field_f14bf3a-0\" name=\"form_fields[field_f14bf3a]\"> <label for=\"form-field-field_f14bf3a-0\">Yol<\/label><\/span><span class=\"elementor-field-option\"><input type=\"radio\" value=\"Gece\" id=\"form-field-field_f14bf3a-1\" name=\"form_fields[field_f14bf3a]\"> <label for=\"form-field-field_f14bf3a-1\">Gece<\/label><\/span><span class=\"elementor-field-option\"><input type=\"radio\" value=\"A\u015fk\" id=\"form-field-field_f14bf3a-2\" name=\"form_fields[field_f14bf3a]\"> <label for=\"form-field-field_f14bf3a-2\">A\u015fk<\/label><\/span><\/div>\t\t\t\t<\/div>\n\t\t\t\t\t\t\t\t<div class=\"elementor-field-type-email elementor-field-group elementor-column elementor-field-group-email elementor-col-100 elementor-field-required\">\n\t\t\t\t\t\t\t\t\t\t\t\t<label for=\"form-field-email\" class=\"elementor-field-label\">\n\t\t\t\t\t\t\t\tEmail\t\t\t\t\t\t\t<\/label>\n\t\t\t\t\t\t\t\t\t\t\t\t\t\t<input size=\"1\" type=\"email\" name=\"form_fields[email]\" id=\"form-field-email\" class=\"elementor-field elementor-size-md  elementor-field-textual\" placeholder=\"Email\" required=\"required\" aria-required=\"true\">\n\t\t\t\t\t\t\t\t\t\t\t<\/div>\n\t\t\t\t\t\t\t\t<div class=\"elementor-field-group elementor-column elementor-field-type-submit elementor-col-100 e-form__buttons\">\n\t\t\t\t\t<button class=\"elementor-button elementor-size-sm\" type=\"submit\">\n\t\t\t\t\t\t<span class=\"elementor-button-content-wrapper\">\n\t\t\t\t\t\t\t\t\t\t\t\t\t\t\t\t\t\t\t\t\t\t<span class=\"elementor-button-text\">K\u00dcLD\u00c9S<\/span>\n\t\t\t\t\t\t\t\t\t\t\t\t\t<\/span>\n\t\t\t\t\t<\/button>\n\t\t\t\t<\/div>\n\t\t\t<\/div>\n\t\t<input type=\"hidden\" name=\"trp-form-language\" value=\"hu\"\/><\/form>\n\t\t\t\t<\/div>\n\t\t\t\t<\/div>\n\t\t\t\t<\/div>\n\t\t\t\t\t<\/div>\n\t\t\t\t<\/div>\n\t\t<div class=\"elementor-element elementor-element-8e01905 e-flex e-con-boxed e-con e-parent\" data-id=\"8e01905\" data-element_type=\"container\" data-settings=\"{&quot;background_motion_fx_translateY_speed&quot;:{&quot;unit&quot;:&quot;px&quot;,&quot;size&quot;:6,&quot;sizes&quot;:[]},&quot;background_motion_fx_motion_fx_scrolling&quot;:&quot;yes&quot;,&quot;background_motion_fx_translateY_effect&quot;:&quot;yes&quot;,&quot;background_background&quot;:&quot;classic&quot;,&quot;background_motion_fx_translateY_direction&quot;:&quot;negative&quot;,&quot;background_motion_fx_translateY_affectedRange&quot;:{&quot;unit&quot;:&quot;%&quot;,&quot;size&quot;:&quot;&quot;,&quot;sizes&quot;:{&quot;start&quot;:0,&quot;end&quot;:100}},&quot;background_motion_fx_devices&quot;:[&quot;desktop&quot;,&quot;tablet&quot;,&quot;mobile&quot;]}\">\n\t\t\t\t\t<div class=\"e-con-inner\">\n\t\t\t\t<div class=\"elementor-element elementor-element-eca28cb elementor-invisible elementor-widget elementor-widget-heading\" data-id=\"eca28cb\" data-element_type=\"widget\" data-settings=\"{&quot;_animation&quot;:&quot;fadeInUp&quot;}\" data-widget_type=\"heading.default\">\n\t\t\t\t<div class=\"elementor-widget-container\">\n\t\t\t<h2 class=\"elementor-heading-title elementor-size-default\">SZAB\u00c1LYZAT<\/h2>\t\t<\/div>\n\t\t\t\t<\/div>\n\t\t\t\t<div class=\"elementor-element elementor-element-820fd1c elementor-widget__width-initial elementor-widget-mobile__width-inherit elementor-widget-tablet__width-initial elementor-widget elementor-widget-text-editor\" data-id=\"820fd1c\" data-element_type=\"widget\" data-widget_type=\"text-editor.default\">\n\t\t\t\t<div class=\"elementor-widget-container\">\n\t\t\t\t\t\t\t<p><strong>Ritmo 10 Nyerem\u00e9nyj\u00e1t\u00e9k 2024.<\/strong><br \/><strong>J\u00c1T\u00c9KSZAB\u00c1LYZAT<\/strong><\/p><p><strong>K\u00c9RJ\u00dcK, HOGY A SZAB\u00c1LYZATOT FIGYELMESEN OLVASD EL, \u00c9S CSAK AKKOR VEGY\u00c9L R\u00c9SZT A J\u00c1T\u00c9KBAN, HA AZ ITT LE\u00cdRTAKKAL EGYET\u00c9RTESZ.<\/strong><\/p><p>1. A j\u00e1t\u00e9k \u00e9s a szervez\u0151 Jelen szab\u00e1lyzat Hangvet\u0151 Kft. (tov\u00e1bbiakban: Szervez\u0151) \u00e1ltal kezelt karbantartott 10years.budapestritmo.hu\/kviz oldalon fut\u00f3 \u201cRitmo 10\u201d nyerem\u00e9nyj\u00e1t\u00e9kra vonatkozik, (a tov\u00e1bbiakban: J\u00e1t\u00e9k), az al\u00e1bbi felt\u00e9telekkel.<\/p><p><strong>2. Kik vehetnek r\u00e9szt a j\u00e1t\u00e9kban?<\/strong><\/p><p>A J\u00e1t\u00e9kban r\u00e9szt vehet minden 18 \u00e9ven fel\u00fcli, internet-felhaszn\u00e1l\u00f3 term\u00e9szetes szem\u00e9ly, aki Magyarorsz\u00e1gon tart\u00f3zkod\u00e1si- vagy lak\u00f3hellyel rendelkezik (a tov\u00e1bbiakban: J\u00e1t\u00e9kos).<\/p><p>Amennyiben a nyertes cselekv\u0151k\u00e9pess\u00e9g\u00e9ben korl\u00e1tozott, \u00fagy a nyerem\u00e9nnyel kapcsolatos \u00e9rdemi \u00fcgyint\u00e9z\u00e9sre, valamint a nyerem\u00e9ny \u00e1tv\u00e9tel\u00e9re csak t\u00f6rv\u00e9nyes k\u00e9pvisel\u0151j\u00e9vel egy\u00fctt jogosult.<\/p><p>Amennyiben a nyertes cselekv\u0151k\u00e9ptelen, \u00fagy nev\u00e9ben kiz\u00e1r\u00f3lag t\u00f6rv\u00e9nyes k\u00e9pvisel\u0151je j\u00e1rhat el.<\/p><p>A J\u00e1t\u00e9kos a nyerem\u00e9nyj\u00e1t\u00e9kban val\u00f3 r\u00e9szv\u00e9tellel elismeri, hogy teljesk\u00f6r\u0171en megismerte a J\u00e1t\u00e9kszab\u00e1lyzatot, \u00e9s azt felt\u00e9tel n\u00e9lk\u00fcl elfogadja.<\/p><p>Amennyiben a J\u00e1t\u00e9kos jelen r\u00e9szv\u00e9teli szab\u00e1lyzatot vagy annak b\u00e1rmely rendelkez\u00e9s\u00e9t nem fogadja el, valamint azzal kapcsolatban kifog\u00e1st emel, a J\u00e1t\u00e9kban nem jogosult r\u00e9szt venni, illetve a J\u00e1t\u00e9kb\u00f3l automatikusan kiz\u00e1r\u00e1sra ker\u00fcl.<\/p><p>A J\u00e1t\u00e9k lebonyol\u00edt\u00e1sa, illetve az abban val\u00f3 r\u00e9szv\u00e9tel a jelen J\u00e1t\u00e9kszab\u00e1lyzat szerint t\u00f6rt\u00e9nik. Amennyiben a J\u00e1t\u00e9kszab\u00e1lyzat valamely k\u00e9rd\u00e9st nem szab\u00e1lyoz, \u00fagy a hat\u00e1lyos jogszab\u00e1lyok vonatkoz\u00f3 rendelkez\u00e9seit kell alkalmazni.<\/p><p><strong>3. A j\u00e1t\u00e9k id\u0151tartama, menete<\/strong><\/p><p>A j\u00e1t\u00e9k id\u0151tartama: 2024.11.28. (18:00) \u2013 2024.12.15. (23:59)<br \/>A sorsol\u00e1s d\u00e1tum: 2024.12.16. 14:00<\/p><p>Eredm\u00e9nyhirdet\u00e9s: a sorsol\u00e1st\u00f3l sz\u00e1m\u00edtott legk\u00e9s\u0151bb 1 napon bel\u00fcl.<\/p><p>Ahhoz, hogy egy J\u00e1t\u00e9kos r\u00e9szt vegyen a nyerem\u00e9nyj\u00e1t\u00e9kban \u00e9s jogosult legyen a nyerem\u00e9nyre a Budapest Ritmo weboldalra kiker\u00fcl\u0151 j\u00e1t\u00e9kfelh\u00edv\u00e1s szerint kell elj\u00e1rnia.<\/p><p>A j\u00e1t\u00e9k v\u00e9g\u00e9n az online kv\u00edzt kit\u00f6lt\u0151k k\u00f6z\u00fcl ker\u00fcl kisorsol\u00e1sra 1 szerencs\u00e9s nyertes.<\/p><p><strong>4. Nyerem\u00e9nyek, nyertesek<\/strong><\/p><p>A J\u00e1t\u00e9k sor\u00e1n az al\u00e1bbi nyerem\u00e9ny ker\u00fcl kisorsol\u00e1sra:<\/p><p>1 db p\u00e1ros napijegy v\u00e1lasztott napra a 10. Budapest Ritmo Fesztiv\u00e1lra, 2025. \u00e1prilis 10-12., Akv\u00e1rium Klub\u00a0<\/p><p><span style=\"color: var( --e-global-color-77b0c73 ); font-family: var( --e-global-typography-b166bee-font-family ), Sans-serif; font-size: var( --e-global-typography-b166bee-font-size ); font-weight: var( --e-global-typography-b166bee-font-weight );\">A nyerem\u00e9ny k\u00e9szp\u00e9nzre nem v\u00e1lthat\u00f3 \u00e9s \u00e1t nem ruh\u00e1zhat\u00f3.<\/span><\/p><p>A nyerteseket g\u00e9pi sorsol\u00e1s seg\u00edts\u00e9g\u00e9vel, a v\u00e9letlenszer\u0171s\u00e9g elv\u00e9t szem el\u0151tt tartva v\u00e9gezz\u00fck.<\/p><p>A nyertest e-mailben \u00e9rtes\u00edti a Szervez\u0151 legk\u00e9s\u0151bb a sorsol\u00e1sra megjel\u00f6lt id\u0151pontot k\u00f6vet\u0151 1 napon bel\u00fcl.<\/p><p>A J\u00e1t\u00e9kban p\u00f3tnyerteseket nem hirdet\u00fcnk, a nyertes kies\u00e9se eset\u00e9n a d\u00edjat egy k\u00e9s\u0151bbi j\u00e1t\u00e9k sor\u00e1n sorsoljuk ki.<\/p><p>A nyertes nem jogosult a nyerem\u00e9ny\u00e1tv\u00e9tel\u00e9re, ha:<\/p><p>a j\u00e1t\u00e9kra jelentkez\u00e9sekor nem t\u00f6lt\u00f6tte be a 18. \u00e9let\u00e9v\u00e9t;<\/p><p>az \u00e9rtes\u00edt\u0151 lev\u00e9lre az abban megadott hat\u00e1rid\u0151n bel\u00fcl nem v\u00e1laszol;<\/p><p>b\u00e1rmely okb\u00f3l nem lehet felvenni a nyertessel a kapcsolatot;<\/p><p>egy\u00e9rtelm\u0171en bizony\u00edthat\u00f3, hogy t\u00f6bb \u00e9s\/vagy hamis regisztr\u00e1ci\u00f3val vett r\u00e9szt a J\u00e1t\u00e9kban, mellyel jogosulatlan el\u0151nyre tett szert;<\/p><p>egy\u00e9rtelm\u0171en bizony\u00edthat\u00f3, hogy a J\u00e1t\u00e9k menet\u00e9t\/eredm\u00e9ny\u00e9t b\u00e1rmilyen m\u00f3don sz\u00e1nd\u00e9kosan befoly\u00e1solni pr\u00f3b\u00e1lja;<\/p><p>jelen r\u00e9szv\u00e9teli szab\u00e1lyzat b\u00e1rmely pontj\u00e1t megs\u00e9rti.<\/p><p><strong>5. Nyertesek \u00e9rtes\u00edt\u00e9se<\/strong><\/p><p>A nyertest k\u00e9rj\u00fck, hogy e-mailben vegye fel Szervez\u0151vel a kapcsolatot a nyerem\u00e9ny \u00e1tv\u00e9teli r\u00e9szleteinek egyeztet\u00e9s\u00e9hez.<\/p><p>Amennyiben a nyertes az \u00e9rtes\u00edt\u0151 lev\u00e9lben megadott hat\u00e1rid\u0151n bel\u00fcl nem jelentkezik a Szervez\u0151n\u00e9l, \u00fagy a Szervez\u0151 jogosult \u00faj nyertest kisorsolni.<\/p><p><strong>6. Nyerem\u00e9nyek k\u00e9zbes\u00edt\u00e9se<\/strong><\/p><p>A nyerem\u00e9ny \u00e1tv\u00e9tel\u00e9nek r\u00e9szleteit a nyertessel e-mailben egyeztetj\u00fck.<\/p><p>A Nyertes k\u00f6telesek egy\u00fcttm\u0171k\u00f6dni a nyerem\u00e9nyek \u00e1tv\u00e9tele \u00e9rdek\u00e9ben. Amennyiben ennek nem tesznek eleget, \u00e9s a nyerem\u00e9ny \u00e1tv\u00e9tele meghi\u00fasul, a nyerem\u00e9ny a tov\u00e1bbiakban nem vehet\u0151 \u00e1t \u00e9s a Szervez\u0151t semmilyen felel\u0151ss\u00e9g nem terheli ezzel kapcsolatban.<\/p><p><strong>7. A Szervez\u0151 felel\u0151ss\u00e9ge<\/strong><\/p><p>A Szervez\u0151 kiz\u00e1rja felel\u0151ss\u00e9g\u00e9t a J\u00e1t\u00e9kosok t\u00e9ves, pontatlan vagy hi\u00e1nyos adatszolg\u00e1ltat\u00e1s\u00e1b\u00f3l, a cselekv\u0151k\u00e9pess\u00e9g\u00e9ben r\u00e9szlegesen korl\u00e1tozott vagy cselekv\u0151k\u00e9ptelen szem\u00e9ly t\u00f6rv\u00e9nyes k\u00e9pvisel\u0151 hozz\u00e1j\u00e1rul\u00e1sa n\u00e9lk\u00fcli, vagy kiskor\u00fa szem\u00e9ly regisztr\u00e1ci\u00f3j\u00e1b\u00f3l, valamint a nyertes r\u00e9sz\u00e9re elektronikus \u00faton elk\u00fcld\u00f6tt \u00e9rtes\u00edt\u00e9snek neki fel nem r\u00f3hat\u00f3 elveszt\u00e9s\u00e9b\u0151l, egy\u00e9b okb\u00f3l t\u00f6rt\u00e9n\u0151 sikertelen k\u00e9zbes\u00edt\u00e9s\u00e9b\u0151l, illetve annak k\u00e9sedelm\u00e9b\u0151l ered\u0151, a J\u00e1t\u00e9kos vagy b\u00e1rmely harmadik szem\u00e9ly \u00e1ltal elszenvedett k\u00e1rok tekintet\u00e9ben.<\/p><p><strong>8. Adatkezel\u00e9s \u00e9s adatv\u00e9delem<\/strong><\/p><p>8.1 T\u00e1j\u00e9koztat\u00e1s<\/p><p>A j\u00e1t\u00e9kban val\u00f3 r\u00e9szv\u00e9tel \u00e9s az ehhez sz\u00fcks\u00e9ges adatszolg\u00e1ltat\u00e1s \u00f6nk\u00e9ntes. T\u00e1j\u00e9koztatjuk, hogy adatait az adatfeldolgoz\u00f3n k\u00edv\u00fcl harmadik felek r\u00e9sz\u00e9re nem tov\u00e1bb\u00edtjuk, kiz\u00e1r\u00f3lag a jelenszab\u00e1lyzatban r\u00e9szletezett c\u00e9lra haszn\u00e1ljuk.<\/p><p>A Szervez\u0151 k\u00e9r\u00e9sre r\u00e9szletes t\u00e1j\u00e9koztat\u00e1st ad az \u00e9rintettnek az adatfeldolgoz\u00f3 nev\u00e9r\u0151l, e-mail c\u00edm\u00e9r\u0151l \u00e9s az adatkezel\u00e9ssel \u00f6sszef\u00fcgg\u0151 tev\u00e9kenys\u00e9g\u00e9r\u0151l.<\/p><p>A j\u00e1t\u00e9kban val\u00f3 r\u00e9szv\u00e9tel \u00e9s az ehhez sz\u00fcks\u00e9ges adatszolg\u00e1ltat\u00e1s \u00f6nk\u00e9ntes. Adatai kezel\u00e9s\u00e9hez adott hozz\u00e1j\u00e1rul\u00e1s\u00e1t b\u00e1rmikor, korl\u00e1toz\u00e1s \u00e9s indokol\u00e1s n\u00e9lk\u00fcl, ingyenesen jogosult visszavonni, tov\u00e1bb\u00e1 jog\u00e1ban \u00e1ll adatainak a megjel\u00f6lt c\u00e9lra vagy annak egy r\u00e9sz\u00e9re t\u00f6rt\u00e9n\u0151 kezel\u00e9s\u00e9nek megsz\u00fcntet\u00e9s\u00e9t k\u00e9rni.<\/p><p>Amennyiben az adatkezel\u00e9si felt\u00e9telek megv\u00e1ltoznak, a Szervez\u0151 t\u00e1j\u00e9koztatja a J\u00e1t\u00e9kosokat a m\u00f3dos\u00edt\u00e1sokr\u00f3l.<\/p><p>Adatv\u00e9delemmel kapcsolatos panasz\u00e1val a J\u00e1t\u00e9kos a Nemzeti Adatv\u00e9delmi \u00e9s Inform\u00e1ci\u00f3szabads\u00e1g Hat\u00f3s\u00e1ghoz (www.naih.hu) vagy az illet\u00e9kes b\u00edr\u00f3s\u00e1ghoz fordulhat.<\/p><p>A J\u00e1t\u00e9k r\u00e9sztvev\u0151inek adatait a T\u00fckr\u00f6s Zenekar a 8.2 pontban meghat\u00e1rozottakt\u00f3l elt\u00e9r\u0151 c\u00e9lokb\u00f3l nem kezeli, \u00e9s nem dolgozza fel, illetve adatait kiz\u00e1r\u00f3lag tilt\u00e1si nyilatkozat\u00e1nak k\u00e9zhezv\u00e9tel\u00e9ig kezeli.<\/p><p>8.2 Az\u00e1ltal, hogy a J\u00e1t\u00e9kos r\u00e9szt vesz a nyerem\u00e9nyj\u00e1t\u00e9kban,<\/p><p>\u00b7 hozz\u00e1j\u00e1rul\u00e1s\u00e1t adja ahhoz, hogy amennyiben nyer a J\u00e1t\u00e9kban, akkor a nyerem\u00e9ny k\u00e9zbes\u00edt\u00e9s\u00e9hez n\u00e9lk\u00fcl\u00f6zhetetlen szem\u00e9lyes adatait (n\u00e9v, e-mail c\u00edm), a Szervez\u0151 \u00e9s a Megb\u00edzott a nyerem\u00e9ny k\u00e9zbes\u00edt\u00e9se c\u00e9lj\u00e1b\u00f3l az inform\u00e1ci\u00f3s \u00f6nrendelkez\u00e9si jogr\u00f3l \u00e9s az inform\u00e1ci\u00f3szabads\u00e1gr\u00f3l sz\u00f3l\u00f3 2011. \u00e9vi CXII.t\u00f6rv\u00e9ny rendelkez\u00e9seinek megfelel\u0151en kezelje.<\/p><p>\u00b7 felt\u00e9tel n\u00e9lk\u00fcl beleegyezik abba, hogy adatait a Szervez\u0151 (adatkezel\u0151) a jelen J\u00e1t\u00e9k lebonyol\u00edt\u00e1sa sor\u00e1n a nyerem\u00e9nyek k\u00e9zbes\u00edt\u00e9se c\u00e9lj\u00e1b\u00f3l felhaszn\u00e1lja, valamint, hogy azokat az adatok feldolgoz\u00e1s\u00e1val megb\u00edzott adatfeldolgoz\u00f3 r\u00e9sz\u00e9re tov\u00e1bb\u00edtsa ugyanezen c\u00e9lra.<\/p><p>A szem\u00e9lyes adatokat a Szervez\u0151 kiz\u00e1r\u00f3lag a nyertes J\u00e1t\u00e9kosokkal t\u00f6rt\u00e9n\u0151 kommunik\u00e1ci\u00f3ra haszn\u00e1lja.<\/p><p><b>9. Kiz\u00e1r\u00e1s<\/b><\/p><p>A J\u00e1t\u00e9kb\u00f3l kiz\u00e1r\u00e1sra ker\u00fclnek azok a J\u00e1t\u00e9kosok, akik a nyerem\u00e9nyj\u00e1t\u00e9k szellem\u00e9vel ellent\u00e9tesen vesznek r\u00e9szt a nyerem\u00e9nyj\u00e1t\u00e9kban, azzal a c\u00e9llal, hogy a nyer\u00e9si es\u00e9lyeiket megt\u00e9veszt\u0151 magatart\u00e1ssal megn\u00f6velj\u00e9k, ezzel megfosztj\u00e1k a nyer\u00e9si es\u00e9lyekt\u0151l a tisztess\u00e9gesen j\u00e1tszani k\u00edv\u00e1n\u00f3 t\u00f6bbi r\u00e9sztvev\u0151t.<\/p><p>Felh\u00edvjuk a j\u00e1t\u00e9kosok figyelm\u00e9t, hogy a Szervez\u0151 fenntartja mag\u00e1nak a jogot, hogy ilyen cselekm\u00e9ny \u00e9szlel\u00e9se eset\u00e9n kiz\u00e1rja a J\u00e1t\u00e9kost a J\u00e1t\u00e9kb\u00f3l.<\/p><p><b>10. Vegyes rendelkez\u00e9sek<\/b><\/p><p>A Szervez\u0151 fenntartja a jogot jelen r\u00e9szv\u00e9teli szab\u00e1lyzat m\u00f3dos\u00edt\u00e1s\u00e1ra, a j\u00e1t\u00e9k id\u0151tartam\u00e1nak ler\u00f6vid\u00edt\u00e9s\u00e9re vagy meghosszabb\u00edt\u00e1s\u00e1ra \u00e9s egy\u00e9b v\u00e1ltoztat\u00e1sokra.<\/p>\t\t\t\t\t\t<\/div>\n\t\t\t\t<\/div>\n\t\t\t\t\t<\/div>\n\t\t\t\t<\/div>\n\t\t\t\t<\/div>","protected":false},"excerpt":{"rendered":"<p>KV\u00cdZ J\u00e1tssz \u00e9s nyerj p\u00e1ros napijegyeket a 10. Budapest Ritm\u00f3ra! Sorsol\u00e1s: december 16.\u00a0A nyerteseket e-mailben \u00e9rtes\u00edtj\u00fck ki. SZAB\u00c1LYZAT Ritmo 10 Nyerem\u00e9nyj\u00e1t\u00e9k 2024.J\u00c1T\u00c9KSZAB\u00c1LYZAT K\u00c9RJ\u00dcK, HOGY A SZAB\u00c1LYZATOT FIGYELMESEN OLVASD EL, \u00c9S CSAK AKKOR VEGY\u00c9L R\u00c9SZT A J\u00c1T\u00c9KBAN, HA AZ ITT LE\u00cdRTAKKAL EGYET\u00c9RTESZ. 1. A j\u00e1t\u00e9k \u00e9s a szervez\u0151 Jelen szab\u00e1lyzat Hangvet\u0151 Kft. (tov\u00e1bbiakban: Szervez\u0151) \u00e1ltal kezelt [&hellip;]<\/p>","protected":false},"author":1,"featured_media":0,"parent":0,"menu_order":0,"comment_status":"closed","ping_status":"closed","template":"elementor_canvas","meta":{"footnotes":""},"class_list":["post-303","page","type-page","status-publish","hentry"],"_links":{"self":[{"href":"https:\/\/10years.budapestritmo.hu\/hu\/wp-json\/wp\/v2\/pages\/303","targetHints":{"allow":["GET"]}}],"collection":[{"href":"https:\/\/10years.budapestritmo.hu\/hu\/wp-json\/wp\/v2\/pages"}],"about":[{"href":"https:\/\/10years.budapestritmo.hu\/hu\/wp-json\/wp\/v2\/types\/page"}],"author":[{"embeddable":true,"href":"https:\/\/10years.budapestritmo.hu\/hu\/wp-json\/wp\/v2\/users\/1"}],"replies":[{"embeddable":true,"href":"https:\/\/10years.budapestritmo.hu\/hu\/wp-json\/wp\/v2\/comments?post=303"}],"version-history":[{"count":38,"href":"https:\/\/10years.budapestritmo.hu\/hu\/wp-json\/wp\/v2\/pages\/303\/revisions"}],"predecessor-version":[{"id":349,"href":"https:\/\/10years.budapestritmo.hu\/hu\/wp-json\/wp\/v2\/pages\/303\/revisions\/349"}],"wp:attachment":[{"href":"https:\/\/10years.budapestritmo.hu\/hu\/wp-json\/wp\/v2\/media?parent=303"}],"curies":[{"name":"wp","href":"https:\/\/api.w.org\/{rel}","templated":true}]}}